{"id":720,"date":"2024-09-03T15:07:06","date_gmt":"2024-09-03T12:07:06","guid":{"rendered":"https:\/\/isocerthub.com\/?page_id=720"},"modified":"2024-09-03T16:03:38","modified_gmt":"2024-09-03T13:03:38","slug":"blog","status":"publish","type":"page","link":"https:\/\/isocerthub.com\/ro\/blog\/","title":{"rendered":"Blog"},"content":{"rendered":"<div data-elementor-type=\"wp-page\" data-elementor-id=\"720\" class=\"elementor elementor-720\" data-elementor-post-type=\"page\">\n\t\t\t\t<div class=\"elementor-element elementor-element-4b65d35 e-flex e-con-boxed elementor-invisible e-con e-parent\" data-id=\"4b65d35\" data-element_type=\"container\" data-settings=\"{&quot;animation&quot;:&quot;fadeInUp&quot;,&quot;background_background&quot;:&quot;classic&quot;}\">\n\t\t\t\t\t<div class=\"e-con-inner\">\n\t\t\t\t<div class=\"elementor-element elementor-element-bda0d7e elementor-widget elementor-widget-heading\" data-id=\"bda0d7e\" data-element_type=\"widget\" data-widget_type=\"heading.default\">\n\t\t\t\t<div class=\"elementor-widget-container\">\n\t\t\t<style>\/*! elementor - v3.21.0 - 15-04-2024 *\/\n.elementor-heading-title{padding:0;margin:0;line-height:1}.elementor-widget-heading .elementor-heading-title[class*=elementor-size-]>a{color:inherit;font-size:inherit;line-height:inherit}.elementor-widget-heading .elementor-heading-title.elementor-size-small{font-size:15px}.elementor-widget-heading .elementor-heading-title.elementor-size-medium{font-size:19px}.elementor-widget-heading .elementor-heading-title.elementor-size-large{font-size:29px}.elementor-widget-heading .elementor-heading-title.elementor-size-xl{font-size:39px}.elementor-widget-heading .elementor-heading-title.elementor-size-xxl{font-size:59px}<\/style><h1 class=\"elementor-heading-title elementor-size-default\">Articole despre certificarea ISO<\/h1>\t\t<\/div>\n\t\t\t\t<\/div>\n\t\t\t\t\t<\/div>\n\t\t\t\t<\/div>\n\t\t<div class=\"elementor-element elementor-element-b1fb4b4 e-flex e-con-boxed e-con e-parent\" data-id=\"b1fb4b4\" data-element_type=\"container\">\n\t\t\t\t\t<div class=\"e-con-inner\">\n\t\t\t\t<div class=\"elementor-element elementor-element-c071493 elementor-widget elementor-widget-spacer\" data-id=\"c071493\" data-element_type=\"widget\" data-widget_type=\"spacer.default\">\n\t\t\t\t<div class=\"elementor-widget-container\">\n\t\t\t<style>\/*! elementor - v3.21.0 - 15-04-2024 *\/\n.elementor-column .elementor-spacer-inner{height:var(--spacer-size)}.e-con{--container-widget-width:100%}.e-con-inner>.elementor-widget-spacer,.e-con>.elementor-widget-spacer{width:var(--container-widget-width,var(--spacer-size));--align-self:var(--container-widget-align-self,initial);--flex-shrink:0}.e-con-inner>.elementor-widget-spacer>.elementor-widget-container,.e-con>.elementor-widget-spacer>.elementor-widget-container{height:100%;width:100%}.e-con-inner>.elementor-widget-spacer>.elementor-widget-container>.elementor-spacer,.e-con>.elementor-widget-spacer>.elementor-widget-container>.elementor-spacer{height:100%}.e-con-inner>.elementor-widget-spacer>.elementor-widget-container>.elementor-spacer>.elementor-spacer-inner,.e-con>.elementor-widget-spacer>.elementor-widget-container>.elementor-spacer>.elementor-spacer-inner{height:var(--container-widget-height,var(--spacer-size))}.e-con-inner>.elementor-widget-spacer.elementor-widget-empty,.e-con>.elementor-widget-spacer.elementor-widget-empty{position:relative;min-height:22px;min-width:22px}.e-con-inner>.elementor-widget-spacer.elementor-widget-empty .elementor-widget-empty-icon,.e-con>.elementor-widget-spacer.elementor-widget-empty .elementor-widget-empty-icon{position:absolute;top:0;bottom:0;left:0;right:0;margin:auto;padding:0;width:22px;height:22px}<\/style>\t\t<div class=\"elementor-spacer\">\n\t\t\t<div class=\"elementor-spacer-inner\"><\/div>\n\t\t<\/div>\n\t\t\t\t<\/div>\n\t\t\t\t<\/div>\n\t\t\t\t\t<\/div>\n\t\t\t\t<\/div>\n\t\t<div class=\"elementor-element elementor-element-243f26d e-flex e-con-boxed e-con e-parent\" data-id=\"243f26d\" data-element_type=\"container\">\n\t\t\t\t\t<div class=\"e-con-inner\">\n\t\t\t\t<div class=\"elementor-element elementor-element-94cf89b elementor-grid-2 elementor-grid-tablet-2 elementor-grid-mobile-1 elementor-posts--thumbnail-top elementor-widget elementor-widget-posts\" data-id=\"94cf89b\" data-element_type=\"widget\" data-settings=\"{&quot;classic_columns&quot;:&quot;2&quot;,&quot;classic_columns_tablet&quot;:&quot;2&quot;,&quot;classic_columns_mobile&quot;:&quot;1&quot;,&quot;classic_row_gap&quot;:{&quot;unit&quot;:&quot;px&quot;,&quot;size&quot;:35,&quot;sizes&quot;:[]},&quot;classic_row_gap_tablet&quot;:{&quot;unit&quot;:&quot;px&quot;,&quot;size&quot;:&quot;&quot;,&quot;sizes&quot;:[]},&quot;classic_row_gap_mobile&quot;:{&quot;unit&quot;:&quot;px&quot;,&quot;size&quot;:&quot;&quot;,&quot;sizes&quot;:[]}}\" data-widget_type=\"posts.classic\">\n\t\t\t\t<div class=\"elementor-widget-container\">\n\t\t\t<link rel=\"stylesheet\" href=\"https:\/\/isocerthub.com\/wp-content\/plugins\/elementor-pro\/assets\/css\/widget-posts.min.css\">\t\t<div class=\"elementor-posts-container elementor-posts elementor-posts--skin-classic elementor-grid\">\n\t\t\t\t<article class=\"elementor-post elementor-grid-item post-1262 post type-post status-publish format-standard has-post-thumbnail hentry category-12\">\n\t\t\t\t<a class=\"elementor-post__thumbnail__link\" href=\"https:\/\/isocerthub.com\/ro\/iso-iec-270172015-kak-povysit-bezopasnost-oblachnykh-servisov-i-doveriye-kliyentov\/\" tabindex=\"-1\" >\n\t\t\t<div class=\"elementor-post__thumbnail\"><img fetchpriority=\"high\" decoding=\"async\" width=\"2048\" height=\"1365\" src=\"https:\/\/isocerthub.com\/wp-content\/uploads\/2026\/03\/iso_27017_cloud.webp\" class=\"attachment-full size-full wp-image-1263\" alt=\"ISO\/IEC 27017:2015 \u0432 \u043e\u0431\u043b\u0430\u043a\u0435\" srcset=\"https:\/\/isocerthub.com\/wp-content\/uploads\/2026\/03\/iso_27017_cloud.webp 2048w, https:\/\/isocerthub.com\/wp-content\/uploads\/2026\/03\/iso_27017_cloud-300x200.webp 300w, https:\/\/isocerthub.com\/wp-content\/uploads\/2026\/03\/iso_27017_cloud-1024x683.webp 1024w, https:\/\/isocerthub.com\/wp-content\/uploads\/2026\/03\/iso_27017_cloud-768x512.webp 768w, https:\/\/isocerthub.com\/wp-content\/uploads\/2026\/03\/iso_27017_cloud-1536x1024.webp 1536w, https:\/\/isocerthub.com\/wp-content\/uploads\/2026\/03\/iso_27017_cloud-18x12.webp 18w, https:\/\/isocerthub.com\/wp-content\/uploads\/2026\/03\/iso_27017_cloud-930x620.webp 930w\" sizes=\"(max-width: 2048px) 100vw, 2048px\" \/><\/div>\n\t\t<\/a>\n\t\t\t\t<div class=\"elementor-post__text\">\n\t\t\t\t<h2 class=\"elementor-post__title\">\n\t\t\t<a href=\"https:\/\/isocerthub.com\/ro\/iso-iec-270172015-kak-povysit-bezopasnost-oblachnykh-servisov-i-doveriye-kliyentov\/\" >\n\t\t\t\tISO\/IEC 27017:2015: cum s\u0103 cre\u0219te\u021bi securitatea serviciilor cloud \u0219i \u00eencrederea clien\u021bilor\t\t\t<\/a>\n\t\t<\/h2>\n\t\t\t\t<div class=\"elementor-post__meta-data\">\n\t\t\t\t\t<span class=\"elementor-post-date\">\n\t\t\t19.03.2026\t\t<\/span>\n\t\t\t\t<\/div>\n\t\t\t\t<div class=\"elementor-post__excerpt\">\n\t\t\t<p>Cloud-ul a \u00eencetat de mult s\u0103 mai fie doar o infrastructur\u0103 IT convenabil\u0103. Pentru afacerile din Kazahstan, Uzbekistan, Georgia \u0219i K\u00e2rg\u00e2zstan, acesta este<\/p>\n\t\t<\/div>\n\t\t\n\t\t<a class=\"elementor-post__read-more\" href=\"https:\/\/isocerthub.com\/ro\/iso-iec-270172015-kak-povysit-bezopasnost-oblachnykh-servisov-i-doveriye-kliyentov\/\" aria-label=\"Read more about ISO\/IEC 27017:2015: \u043a\u0430\u043a \u043f\u043e\u0432\u044b\u0441\u0438\u0442\u044c \u0431\u0435\u0437\u043e\u043f\u0430\u0441\u043d\u043e\u0441\u0442\u044c \u043e\u0431\u043b\u0430\u0447\u043d\u044b\u0445 \u0441\u0435\u0440\u0432\u0438\u0441\u043e\u0432 \u0438 \u0434\u043e\u0432\u0435\u0440\u0438\u0435 \u043a\u043b\u0438\u0435\u043d\u0442\u043e\u0432\" tabindex=\"-1\" >\n\t\t\tCite\u0219te mai departe \u00bb\t\t<\/a>\n\n\t\t\t\t<\/div>\n\t\t\t\t<\/article>\n\t\t\t\t<article class=\"elementor-post elementor-grid-item post-1251 post type-post status-publish format-standard has-post-thumbnail hentry category-12\">\n\t\t\t\t<a class=\"elementor-post__thumbnail__link\" href=\"https:\/\/isocerthub.com\/ro\/aqap-2110-chto-neobkhodimo-izmenit-v-kompanii-chtoby-sootvetstvovat-trebovaniyam-nato\/\" tabindex=\"-1\" >\n\t\t\t<div class=\"elementor-post__thumbnail\"><img decoding=\"async\" width=\"2048\" height=\"1365\" src=\"https:\/\/isocerthub.com\/wp-content\/uploads\/2026\/03\/aqap-2110-defense-supply.webp\" class=\"attachment-full size-full wp-image-1252\" alt=\"AQAP 2110\" srcset=\"https:\/\/isocerthub.com\/wp-content\/uploads\/2026\/03\/aqap-2110-defense-supply.webp 2048w, https:\/\/isocerthub.com\/wp-content\/uploads\/2026\/03\/aqap-2110-defense-supply-300x200.webp 300w, https:\/\/isocerthub.com\/wp-content\/uploads\/2026\/03\/aqap-2110-defense-supply-1024x683.webp 1024w, https:\/\/isocerthub.com\/wp-content\/uploads\/2026\/03\/aqap-2110-defense-supply-768x512.webp 768w, https:\/\/isocerthub.com\/wp-content\/uploads\/2026\/03\/aqap-2110-defense-supply-1536x1024.webp 1536w, https:\/\/isocerthub.com\/wp-content\/uploads\/2026\/03\/aqap-2110-defense-supply-18x12.webp 18w, https:\/\/isocerthub.com\/wp-content\/uploads\/2026\/03\/aqap-2110-defense-supply-930x620.webp 930w\" sizes=\"(max-width: 2048px) 100vw, 2048px\" \/><\/div>\n\t\t<\/a>\n\t\t\t\t<div class=\"elementor-post__text\">\n\t\t\t\t<h2 class=\"elementor-post__title\">\n\t\t\t<a href=\"https:\/\/isocerthub.com\/ro\/aqap-2110-chto-neobkhodimo-izmenit-v-kompanii-chtoby-sootvetstvovat-trebovaniyam-nato\/\" >\n\t\t\t\tAQAP 2110: ce trebuie schimbat \u00een companie pentru a corespunde cerin\u021belor NATO\t\t\t<\/a>\n\t\t<\/h2>\n\t\t\t\t<div class=\"elementor-post__meta-data\">\n\t\t\t\t\t<span class=\"elementor-post-date\">\n\t\t\t18.03.2026\t\t<\/span>\n\t\t\t\t<\/div>\n\t\t\t\t<div class=\"elementor-post__excerpt\">\n\t\t\t<p>Dac\u0103 intra\u021bi \u00een lan\u021burile de aprovizionare din domeniul ap\u0103r\u0103rii (prin contractori, integratori, comenzi de stat), standardul AQAP 2110 apare aproape inevitabil.<\/p>\n\t\t<\/div>\n\t\t\n\t\t<a class=\"elementor-post__read-more\" href=\"https:\/\/isocerthub.com\/ro\/aqap-2110-chto-neobkhodimo-izmenit-v-kompanii-chtoby-sootvetstvovat-trebovaniyam-nato\/\" aria-label=\"Read more about AQAP 2110: \u0447\u0442\u043e \u043d\u0435\u043e\u0431\u0445\u043e\u0434\u0438\u043c\u043e \u0438\u0437\u043c\u0435\u043d\u0438\u0442\u044c \u0432 \u043a\u043e\u043c\u043f\u0430\u043d\u0438\u0438, \u0447\u0442\u043e\u0431\u044b \u0441\u043e\u043e\u0442\u0432\u0435\u0442\u0441\u0442\u0432\u043e\u0432\u0430\u0442\u044c \u0442\u0440\u0435\u0431\u043e\u0432\u0430\u043d\u0438\u044f\u043c \u041d\u0410\u0422\u041e\" tabindex=\"-1\" >\n\t\t\tCite\u0219te mai departe \u00bb\t\t<\/a>\n\n\t\t\t\t<\/div>\n\t\t\t\t<\/article>\n\t\t\t\t<article class=\"elementor-post elementor-grid-item post-1236 post type-post status-publish format-standard has-post-thumbnail hentry category-12\">\n\t\t\t\t<a class=\"elementor-post__thumbnail__link\" href=\"https:\/\/isocerthub.com\/ro\/mozhno-li-integrirovat-iso-27001-s-devsecops-i-kak-sdelat-eto-bez-boli\/\" tabindex=\"-1\" >\n\t\t\t<div class=\"elementor-post__thumbnail\"><img decoding=\"async\" width=\"2048\" height=\"1365\" src=\"https:\/\/isocerthub.com\/wp-content\/uploads\/2026\/02\/iso27001_devsecops.webp\" class=\"attachment-full size-full wp-image-1237\" alt=\"\u041c\u043e\u0436\u043d\u043e \u043b\u0438 \u0438\u043d\u0442\u0435\u0433\u0440\u0438\u0440\u043e\u0432\u0430\u0442\u044c ISO 27001 \u0441 DevSecOps\" srcset=\"https:\/\/isocerthub.com\/wp-content\/uploads\/2026\/02\/iso27001_devsecops.webp 2048w, https:\/\/isocerthub.com\/wp-content\/uploads\/2026\/02\/iso27001_devsecops-300x200.webp 300w, https:\/\/isocerthub.com\/wp-content\/uploads\/2026\/02\/iso27001_devsecops-1024x683.webp 1024w, https:\/\/isocerthub.com\/wp-content\/uploads\/2026\/02\/iso27001_devsecops-768x512.webp 768w, https:\/\/isocerthub.com\/wp-content\/uploads\/2026\/02\/iso27001_devsecops-1536x1024.webp 1536w, https:\/\/isocerthub.com\/wp-content\/uploads\/2026\/02\/iso27001_devsecops-18x12.webp 18w, https:\/\/isocerthub.com\/wp-content\/uploads\/2026\/02\/iso27001_devsecops-930x620.webp 930w\" sizes=\"(max-width: 2048px) 100vw, 2048px\" \/><\/div>\n\t\t<\/a>\n\t\t\t\t<div class=\"elementor-post__text\">\n\t\t\t\t<h2 class=\"elementor-post__title\">\n\t\t\t<a href=\"https:\/\/isocerthub.com\/ro\/mozhno-li-integrirovat-iso-27001-s-devsecops-i-kak-sdelat-eto-bez-boli\/\" >\n\t\t\t\tSe poate integra ISO 27001 cu DevSecOps \u2014 \u0219i cum s\u0103 faci asta f\u0103r\u0103 dificult\u0103\u021bi.\t\t\t<\/a>\n\t\t<\/h2>\n\t\t\t\t<div class=\"elementor-post__meta-data\">\n\t\t\t\t\t<span class=\"elementor-post-date\">\n\t\t\t12.02.2026\t\t<\/span>\n\t\t\t\t<\/div>\n\t\t\t\t<div class=\"elementor-post__excerpt\">\n\t\t\t<p>Da, integrarea ISO 27001 cu DevSecOps nu doar c\u0103 este posibil\u0103, ci \u0219i logic\u0103: ISO 27001 r\u0103spunde la \u00eentrebarea<\/p>\n\t\t<\/div>\n\t\t\n\t\t<a class=\"elementor-post__read-more\" href=\"https:\/\/isocerthub.com\/ro\/mozhno-li-integrirovat-iso-27001-s-devsecops-i-kak-sdelat-eto-bez-boli\/\" aria-label=\"Read more about \u041c\u043e\u0436\u043d\u043e \u043b\u0438 \u0438\u043d\u0442\u0435\u0433\u0440\u0438\u0440\u043e\u0432\u0430\u0442\u044c ISO 27001 \u0441 DevSecOps \u2014 \u0438 \u043a\u0430\u043a \u0441\u0434\u0435\u043b\u0430\u0442\u044c \u044d\u0442\u043e \u0431\u0435\u0437 \u0431\u043e\u043b\u0438\" tabindex=\"-1\" >\n\t\t\tCite\u0219te mai departe \u00bb\t\t<\/a>\n\n\t\t\t\t<\/div>\n\t\t\t\t<\/article>\n\t\t\t\t<article class=\"elementor-post elementor-grid-item post-1224 post type-post status-publish format-standard has-post-thumbnail hentry category-12\">\n\t\t\t\t<a class=\"elementor-post__thumbnail__link\" href=\"https:\/\/isocerthub.com\/ro\/easa-part-is-iso-iec-27001-kak-odin-kontur-dlya-operatsiy-postavshchikov-i-ustoychivosti\/\" tabindex=\"-1\" >\n\t\t\t<div class=\"elementor-post__thumbnail\"><img loading=\"lazy\" decoding=\"async\" width=\"2048\" height=\"1365\" src=\"https:\/\/isocerthub.com\/wp-content\/uploads\/2026\/02\/easa_part_is_iso_27001.webp\" class=\"attachment-full size-full wp-image-1226\" alt=\"EASA Part-IS + ISO\/IEC 27001\" srcset=\"https:\/\/isocerthub.com\/wp-content\/uploads\/2026\/02\/easa_part_is_iso_27001.webp 2048w, https:\/\/isocerthub.com\/wp-content\/uploads\/2026\/02\/easa_part_is_iso_27001-300x200.webp 300w, https:\/\/isocerthub.com\/wp-content\/uploads\/2026\/02\/easa_part_is_iso_27001-1024x683.webp 1024w, https:\/\/isocerthub.com\/wp-content\/uploads\/2026\/02\/easa_part_is_iso_27001-768x512.webp 768w, https:\/\/isocerthub.com\/wp-content\/uploads\/2026\/02\/easa_part_is_iso_27001-1536x1024.webp 1536w, https:\/\/isocerthub.com\/wp-content\/uploads\/2026\/02\/easa_part_is_iso_27001-18x12.webp 18w, https:\/\/isocerthub.com\/wp-content\/uploads\/2026\/02\/easa_part_is_iso_27001-930x620.webp 930w\" sizes=\"(max-width: 2048px) 100vw, 2048px\" \/><\/div>\n\t\t<\/a>\n\t\t\t\t<div class=\"elementor-post__text\">\n\t\t\t\t<h2 class=\"elementor-post__title\">\n\t\t\t<a href=\"https:\/\/isocerthub.com\/ro\/easa-part-is-iso-iec-27001-kak-odin-kontur-dlya-operatsiy-postavshchikov-i-ustoychivosti\/\" >\n\t\t\t\tEASA Part-IS + ISO\/IEC 27001 ca un cadru unitar pentru opera\u021biuni, furnizori \u0219i rezilien\u021b\u0103\t\t\t<\/a>\n\t\t<\/h2>\n\t\t\t\t<div class=\"elementor-post__meta-data\">\n\t\t\t\t\t<span class=\"elementor-post-date\">\n\t\t\t11.02.2026\t\t<\/span>\n\t\t\t\t<\/div>\n\t\t\t\t<div class=\"elementor-post__excerpt\">\n\t\t\t<p>Companiile aeriene, aeroporturile, organiza\u021biile MRO \u0219i furnizorii IT din Kazahstan, Uzbekistan, Georgia \u0219i K\u00e2rg\u00e2zstan trebuie tot mai des s\u0103 r\u0103spund\u0103 simultan la dou\u0103<\/p>\n\t\t<\/div>\n\t\t\n\t\t<a class=\"elementor-post__read-more\" href=\"https:\/\/isocerthub.com\/ro\/easa-part-is-iso-iec-27001-kak-odin-kontur-dlya-operatsiy-postavshchikov-i-ustoychivosti\/\" aria-label=\"Read more about EASA Part-IS + ISO\/IEC 27001 \u043a\u0430\u043a \u043e\u0434\u0438\u043d \u043a\u043e\u043d\u0442\u0443\u0440 \u0434\u043b\u044f \u043e\u043f\u0435\u0440\u0430\u0446\u0438\u0439, \u043f\u043e\u0441\u0442\u0430\u0432\u0449\u0438\u043a\u043e\u0432 \u0438 \u0443\u0441\u0442\u043e\u0439\u0447\u0438\u0432\u043e\u0441\u0442\u0438\" tabindex=\"-1\" >\n\t\t\tCite\u0219te mai departe \u00bb\t\t<\/a>\n\n\t\t\t\t<\/div>\n\t\t\t\t<\/article>\n\t\t\t\t<article class=\"elementor-post elementor-grid-item post-1209 post type-post status-publish format-standard has-post-thumbnail hentry category-12\">\n\t\t\t\t<a class=\"elementor-post__thumbnail__link\" href=\"https:\/\/isocerthub.com\/ro\/dora-vs-iso-dlya-banka-i-fintekha-dostatochno-li-sertifikatsii-chtoby-proyti-komplayens\/\" tabindex=\"-1\" >\n\t\t\t<div class=\"elementor-post__thumbnail\"><img loading=\"lazy\" decoding=\"async\" width=\"2048\" height=\"1365\" src=\"https:\/\/isocerthub.com\/wp-content\/uploads\/2026\/01\/dora_vs_iso_realistic_1920x1080.webp\" class=\"attachment-full size-full wp-image-1210\" alt=\"DORA vs ISO \u0434\u043b\u044f \u0431\u0430\u043d\u043a\u0430 \u0438 \u0444\u0438\u043d\u0442\u0435\u0445\u0430\" srcset=\"https:\/\/isocerthub.com\/wp-content\/uploads\/2026\/01\/dora_vs_iso_realistic_1920x1080.webp 2048w, https:\/\/isocerthub.com\/wp-content\/uploads\/2026\/01\/dora_vs_iso_realistic_1920x1080-300x200.webp 300w, https:\/\/isocerthub.com\/wp-content\/uploads\/2026\/01\/dora_vs_iso_realistic_1920x1080-1024x683.webp 1024w, https:\/\/isocerthub.com\/wp-content\/uploads\/2026\/01\/dora_vs_iso_realistic_1920x1080-768x512.webp 768w, https:\/\/isocerthub.com\/wp-content\/uploads\/2026\/01\/dora_vs_iso_realistic_1920x1080-1536x1024.webp 1536w, https:\/\/isocerthub.com\/wp-content\/uploads\/2026\/01\/dora_vs_iso_realistic_1920x1080-18x12.webp 18w, https:\/\/isocerthub.com\/wp-content\/uploads\/2026\/01\/dora_vs_iso_realistic_1920x1080-930x620.webp 930w\" sizes=\"(max-width: 2048px) 100vw, 2048px\" \/><\/div>\n\t\t<\/a>\n\t\t\t\t<div class=\"elementor-post__text\">\n\t\t\t\t<h2 class=\"elementor-post__title\">\n\t\t\t<a href=\"https:\/\/isocerthub.com\/ro\/dora-vs-iso-dlya-banka-i-fintekha-dostatochno-li-sertifikatsii-chtoby-proyti-komplayens\/\" >\n\t\t\t\tDORA vs ISO pentru b\u0103nci \u0219i fintech: este suficient\u0103 certificarea pentru a trece conformitatea?\t\t\t<\/a>\n\t\t<\/h2>\n\t\t\t\t<div class=\"elementor-post__meta-data\">\n\t\t\t\t\t<span class=\"elementor-post-date\">\n\t\t\t14.01.2026\t\t<\/span>\n\t\t\t\t<\/div>\n\t\t\t\t<div class=\"elementor-post__excerpt\">\n\t\t\t<p>O banc\u0103 sau o companie fintech din Kazahstan, Uzbekistan, Georgia ori K\u00e2rg\u00e2zstan poate s\u0103 nu intre direct sub inciden\u021ba DORA \u2014 \u00eens\u0103<\/p>\n\t\t<\/div>\n\t\t\n\t\t<a class=\"elementor-post__read-more\" href=\"https:\/\/isocerthub.com\/ro\/dora-vs-iso-dlya-banka-i-fintekha-dostatochno-li-sertifikatsii-chtoby-proyti-komplayens\/\" aria-label=\"Read more about DORA vs ISO \u0434\u043b\u044f \u0431\u0430\u043d\u043a\u0430 \u0438 \u0444\u0438\u043d\u0442\u0435\u0445\u0430: \u0434\u043e\u0441\u0442\u0430\u0442\u043e\u0447\u043d\u043e \u043b\u0438 \u0441\u0435\u0440\u0442\u0438\u0444\u0438\u043a\u0430\u0446\u0438\u0438, \u0447\u0442\u043e\u0431\u044b \u043f\u0440\u043e\u0439\u0442\u0438 \u043a\u043e\u043c\u043f\u043b\u0430\u0435\u043d\u0441?\" tabindex=\"-1\" >\n\t\t\tCite\u0219te mai departe \u00bb\t\t<\/a>\n\n\t\t\t\t<\/div>\n\t\t\t\t<\/article>\n\t\t\t\t<article class=\"elementor-post elementor-grid-item post-1200 post type-post status-publish format-standard has-post-thumbnail hentry category-12\">\n\t\t\t\t<a class=\"elementor-post__thumbnail__link\" href=\"https:\/\/isocerthub.com\/ro\/kak-poluchit-sertifikat-iso-27001-i-zachem-on-vashemu-biznesu\/\" tabindex=\"-1\" >\n\t\t\t<div class=\"elementor-post__thumbnail\"><img loading=\"lazy\" decoding=\"async\" width=\"2048\" height=\"1365\" src=\"https:\/\/isocerthub.com\/wp-content\/uploads\/2026\/01\/chatgpt_image_iso27001_certificate.webp\" class=\"attachment-full size-full wp-image-1201\" alt=\"Cum s\u0103 ob\u021bine\u021bi certificatul ISO 27001 \u0219i de ce este important pentru afacerea dumneavoastr\u0103\" srcset=\"https:\/\/isocerthub.com\/wp-content\/uploads\/2026\/01\/chatgpt_image_iso27001_certificate.webp 2048w, https:\/\/isocerthub.com\/wp-content\/uploads\/2026\/01\/chatgpt_image_iso27001_certificate-300x200.webp 300w, https:\/\/isocerthub.com\/wp-content\/uploads\/2026\/01\/chatgpt_image_iso27001_certificate-1024x683.webp 1024w, https:\/\/isocerthub.com\/wp-content\/uploads\/2026\/01\/chatgpt_image_iso27001_certificate-768x512.webp 768w, https:\/\/isocerthub.com\/wp-content\/uploads\/2026\/01\/chatgpt_image_iso27001_certificate-1536x1024.webp 1536w, https:\/\/isocerthub.com\/wp-content\/uploads\/2026\/01\/chatgpt_image_iso27001_certificate-18x12.webp 18w, https:\/\/isocerthub.com\/wp-content\/uploads\/2026\/01\/chatgpt_image_iso27001_certificate-930x620.webp 930w\" sizes=\"(max-width: 2048px) 100vw, 2048px\" \/><\/div>\n\t\t<\/a>\n\t\t\t\t<div class=\"elementor-post__text\">\n\t\t\t\t<h2 class=\"elementor-post__title\">\n\t\t\t<a href=\"https:\/\/isocerthub.com\/ro\/kak-poluchit-sertifikat-iso-27001-i-zachem-on-vashemu-biznesu\/\" >\n\t\t\t\tCum s\u0103 ob\u021bine\u021bi certificatul ISO 27001 \u0219i de ce este important pentru afacerea dumneavoastr\u0103\t\t\t<\/a>\n\t\t<\/h2>\n\t\t\t\t<div class=\"elementor-post__meta-data\">\n\t\t\t\t\t<span class=\"elementor-post-date\">\n\t\t\t13.01.2026\t\t<\/span>\n\t\t\t\t<\/div>\n\t\t\t\t<div class=\"elementor-post__excerpt\">\n\t\t\t<p>Atunci c\u00e2nd \u00eentr-o companie exist\u0103 baze de date ale clien\u021bilor, date financiare, oferte comerciale sau cod surs\u0103, problema securit\u0103\u021bii se transform\u0103 din...<\/p>\n\t\t<\/div>\n\t\t\n\t\t<a class=\"elementor-post__read-more\" href=\"https:\/\/isocerthub.com\/ro\/kak-poluchit-sertifikat-iso-27001-i-zachem-on-vashemu-biznesu\/\" aria-label=\"Read more about \u041a\u0430\u043a \u043f\u043e\u043b\u0443\u0447\u0438\u0442\u044c \u0441\u0435\u0440\u0442\u0438\u0444\u0438\u043a\u0430\u0442 ISO 27001 \u0438 \u0437\u0430\u0447\u0435\u043c \u043e\u043d \u0432\u0430\u0448\u0435\u043c\u0443 \u0431\u0438\u0437\u043d\u0435\u0441\u0443\" tabindex=\"-1\" >\n\t\t\tCite\u0219te mai departe \u00bb\t\t<\/a>\n\n\t\t\t\t<\/div>\n\t\t\t\t<\/article>\n\t\t\t\t<\/div>\n\t\t\n\t\t\t\t<\/div>\n\t\t\t\t<\/div>\n\t\t\t\t\t<\/div>\n\t\t\t\t<\/div>\n\t\t\t\t<\/div>","protected":false},"excerpt":{"rendered":"<p>Articole despre certificarea ISO<\/p>","protected":false},"author":2,"featured_media":0,"parent":0,"menu_order":0,"comment_status":"closed","ping_status":"closed","template":"page-templates\/template-pagebuilder-full-width.php","meta":{"om_disable_all_campaigns":false,"_monsterinsights_skip_tracking":false,"_monsterinsights_sitenote_active":false,"_monsterinsights_sitenote_note":"","_monsterinsights_sitenote_category":0,"neve_meta_sidebar":"","neve_meta_container":"","neve_meta_enable_content_width":"","neve_meta_content_width":0,"neve_meta_title_alignment":"","neve_meta_author_avatar":"","neve_post_elements_order":"","neve_meta_disable_header":"","neve_meta_disable_footer":"","neve_meta_disable_title":"","footnotes":""},"class_list":["post-720","page","type-page","status-publish","hentry"],"aioseo_notices":[],"_links":{"self":[{"href":"https:\/\/isocerthub.com\/ro\/wp-json\/wp\/v2\/pages\/720","targetHints":{"allow":["GET"]}}],"collection":[{"href":"https:\/\/isocerthub.com\/ro\/wp-json\/wp\/v2\/pages"}],"about":[{"href":"https:\/\/isocerthub.com\/ro\/wp-json\/wp\/v2\/types\/page"}],"author":[{"embeddable":true,"href":"https:\/\/isocerthub.com\/ro\/wp-json\/wp\/v2\/users\/2"}],"replies":[{"embeddable":true,"href":"https:\/\/isocerthub.com\/ro\/wp-json\/wp\/v2\/comments?post=720"}],"version-history":[{"count":13,"href":"https:\/\/isocerthub.com\/ro\/wp-json\/wp\/v2\/pages\/720\/revisions"}],"predecessor-version":[{"id":741,"href":"https:\/\/isocerthub.com\/ro\/wp-json\/wp\/v2\/pages\/720\/revisions\/741"}],"wp:attachment":[{"href":"https:\/\/isocerthub.com\/ro\/wp-json\/wp\/v2\/media?parent=720"}],"curies":[{"name":"wp","href":"https:\/\/api.w.org\/{rel}","templated":true}]}}